{"id":1244,"date":"2019-02-27T14:42:11","date_gmt":"2019-02-27T13:42:11","guid":{"rendered":"https:\/\/www.friendsurancebusiness.com\/?page_id=1244"},"modified":"2021-01-25T09:45:02","modified_gmt":"2021-01-25T08:45:02","slug":"umfrage-kunden-wollen-digitale-bancassurance-produkte","status":"publish","type":"page","link":"https:\/\/www.friendsurancebusiness.com\/de\/umfrage-kunden-wollen-digitale-bancassurance-produkte\/","title":{"rendered":"Umfrage: Kunden wollen digitale Bancassurance-Produkte"},"content":{"rendered":"<p>\r\n<section class=\"sh-section sh-section-9429d90f1df17c8a855ae67dd36042fc fw-main-row sh-section-visibility-everywhere\" id=\"onboarding\">\r\n\t\r\n\t\r\n\t<div class=\"sh-section-container container\">\r\n\t\t<div class=\"fw-row\">\n\t\r\n<div class=\"sh-column sh-column-ed5682d7b8616807c21836d559e9ac01 fw-col-xs-12\" >\r\n\r\n\t\r\n\t<div class=\"sh-column-wrapper\">\r\n\t\t\r\n<div class=\"sh-heading  \" id=\"heading-3785f7d143981ab7ba0b108afe1f1764\">\r\n\t<div class=\"sh-element-margin\">\r\n\r\n\t\t\r\n\t\t\t<h5 class=\"sh-heading-content size-default text-center\">\r\n\t\t\t\tYOUGOV PANEL DEUTSCHLAND\t\t\t<\/h5>\r\n\r\n\t\t\r\n\t<\/div>\r\n<\/div>\r\n\t<\/div>\r\n\r\n\r\n\t\t\r\n\r\n<\/div>\r\n<\/div>\n\n<div class=\"fw-row\">\n\t\r\n<div class=\"sh-column sh-column-ed5682d7b8616807c21836d559e9ac01 fw-col-xs-12\" >\r\n\r\n\t\r\n\t<div class=\"sh-column-wrapper\">\r\n\t\t\r\n<div class=\"sh-heading  \" id=\"heading-0d28c9b074fdfceddc5c041fd0a0d9a3\">\r\n\t<div class=\"sh-element-margin\">\r\n\r\n\t\t\r\n\t\t\t<h2 class=\"sh-heading-content size-l text-center\">\r\n\t\t\t\tONLINE-BANKING UND DIGITALE VERSICHERUNGS-VERWALTUNG\t\t\t<\/h2>\r\n\r\n\t\t\r\n\t<\/div>\r\n<\/div>\r\n\t<\/div>\r\n\r\n\r\n\t\t\r\n\r\n<\/div>\r\n<\/div>\n\n<div class=\"fw-row\">\n\t\r\n<div class=\"sh-column sh-column-29b7ad287b2442fd9d8f3f9c5f58fa0a fw-col-xs-12 fw-col-sm-4\" >\r\n\r\n\t\r\n\t<div class=\"sh-column-wrapper\">\r\n\t\t\r\n<div id=\"single-image-21227d8a14463cfa3349d36bf71e9ae2\" class=\"sh-single-image   sh-animated slideInLeft\"data-wow-duration=\"2s\">\r\n\t<div class=\"sh-element-margin\">\r\n\r\n\t\t\r\n\t\t\t<div class=\"sh-single-image-container\">\r\n\t\t\t\t\r\n\t\t\t\t\t\t\t\t\t\r\n\t\t\t\t\t\t\t\t\t\t\t\t\t<img decoding=\"async\" class=\"sh-image-url\" src=\"https:\/\/www.friendsurancebusiness.com\/wp-content\/uploads\/2019\/02\/studie_papers-1.png\" alt=\"studie_papers\" \/>\r\n\t\t\t\t\t\t\t\t\t\t\t\t\t\r\n\t\t\t\t\t\t\t\t\t\r\n\t\t\t\t\t\t\t<\/div>\r\n\r\n\t\t\r\n\t<\/div>\r\n<\/div>\r\n\t<\/div>\r\n\r\n\r\n\t\t\r\n\r\n<\/div>\r\n\r\n<div class=\"sh-column sh-column-2a0abe4131d0a04925efdef2d875cdf5 fw-col-xs-12 fw-col-sm-4\" >\r\n\r\n\t\r\n\t<div class=\"sh-column-wrapper\">\r\n\t\t\r\n<div id=\"text-block-aec06bca2f63a332956a781c7efa1fc2\" class=\"sh-text-block\">\r\n\t<p><b>Zentrale Fragestellung<\/b><\/p><p>W\u00e4ren Sie daran interessiert, Ihre Versicherungen in Ihrem Online Banking-Portal kostenlos einsehen, verwalten und optimieren zu k\u00f6nnen?<\/p><\/div>\r\n\r\n<div id=\"text-block-412ba2d9181466d04b79471c5f4f408a\" class=\"sh-text-block\">\r\n\t<p><b>Datenbasis<\/b><\/p><ul><li>Zeitraum der Befragung: 01.08.2018 - 03.08.2018<\/li><li>Art der Befragung: Online Interview<\/li><li>Art der Befragung: 2037 Personen<\/li><\/ul><\/div>\r\n\t<\/div>\r\n\r\n\r\n\t\t\r\n\r\n<\/div>\r\n\r\n<div class=\"sh-column sh-column-537356a27de19bd49ab9833c88f6138f fw-col-xs-12 fw-col-sm-4\" >\r\n\r\n\t\r\n\t<div class=\"sh-column-wrapper\">\r\n\t\t\r\n<div id=\"text-block-8fbcbe20e08857be28bfd5f54ec707fc\" class=\"sh-text-block\">\r\n\t<p><b>Download<\/b><\/p><p>Laden Sie hier die vollst\u00e4ndigen Ergebnisse der Studie herunter:<\/p><\/div>\r\n\r\n<div class=\"sh-empty-space\" id=\"empty-space-0904680334ddff27e1032be71aa4af34\"><\/div>\r\n<div class=\"sh-output-html\">\r\n\t<!-- Begin Mailchimp Signup Form -->\n\n<style>\n#mc_embed_signup form {display:block; position:relative; text-align:left; padding:10px 20px 10px 0px;}\n#mc_embed_signup h2 {font-weight:bold; padding:0; margin:15px 0; font-size:1.4em;}\n#mc_embed_signup input {border:1px solid #999; -webkit-appearance:none;}\n#mc_embed_signup input[type=checkbox]{-webkit-appearance:checkbox;}\n#mc_embed_signup input[type=radio]{-webkit-appearance:radio;}\n#mc_embed_signup input:focus {border-color:#333;}\n#mc_embed_signup .button {clear:both; background-color: #f3424e; border: 0 none; border-radius:35px; letter-spacing:.03em; color: #fff; cursor: pointer; display: inline-block; font-size:13px; height: 45px; line-height: 45px; margin: 0 5px 10px 0; padding:0; text-align: center; text-decoration: none; vertical-align: top; white-space: nowrap; width: auto; transition: all 0.23s ease-in-out 0s;}\n#mc_embed_signup .button:hover {color:#fff;}\n#mc_embed_signup .small-meta {font-size: 11px;}\n#mc_embed_signup .nowrap {white-space:nowrap;}     \n#mc_embed_signup .clear {clear:none; display:inline;}\n\n#mc_embed_signup label {display:block; font-size:16px; padding-bottom:10px; font-weight:bold;}\n#mc_embed_signup input.email {font-family:\"Montserrat\"; font-size: 14px; display:block; padding:0 0.4em; margin:0 4% 10px 0; min-height:32px; width:100%; min-width:200px; -webkit-border-radius: 3px; -moz-border-radius: 3px; border-radius: 3px;}\n#mc_embed_signup input.button {font-family:\"Montserrat\"; font-weight:bold; font-size: 14px; display:block; width:70%; margin:0 0 10px 0; min-width:200px;}\n\n#mc_embed_signup div#mce-responses {float:left; top:-1.4em; padding:0em .5em 0em .5em; overflow:hidden; width:90%;margin: 0 5%; clear: both;}\n#mc_embed_signup div.response {margin:1em 0; padding:1em .5em .5em 0; font-weight:bold; float:left; top:-1.5em; z-index:1; width:80%;}\n#mc_embed_signup #mce-error-response {display:none;}\n#mc_embed_signup #mce-success-response {color:#529214; display:none;}\n#mc_embed_signup label.error {display:block; float:none; width:auto; margin-left:1.05em; text-align:left; padding:.5em 0;}\n<\/style>\n\n<div id=\"mc_embed_signup\">\n<form action=\"https:\/\/friendsurance.us5.list-manage.com\/subscribe\/post?u=551ee68776e173475ca7bfa0f&amp;id=9dd1aa416a\" method=\"post\" id=\"newsletter\" name=\"mc-embedded-subscribe-form\" class=\"validate\" target=\"_blank\" novalidate>\n    <div id=\"mc_embed_signup_scroll\">\n\t\n<div class=\"mc-field-group\">\n\t<input type=\"email\" value=\"\" name=\"EMAIL\" placeholder=\"Email-Adresse\" class=\"required email\" id=\"mce-EMAIL\">\n<\/div>\n\t<div id=\"mce-responses\" class=\"clear\">\n\t\t<div class=\"response\" id=\"mce-error-response\" style=\"display:none\"><\/div>\n\t\t<div class=\"response\" id=\"mce-success-response\" style=\"display:none\"><\/div>\n\t<\/div>    <!-- real people should not fill this in and expect good things - do not remove this or risk form bot signups-->\n    <div style=\"position: absolute; left: -5000px;\" aria-hidden=\"true\"><input type=\"text\" name=\"b_551ee68776e173475ca7bfa0f_9dd1aa416a\" tabindex=\"-1\" value=\"\"><\/div>\n    <div class=\"clear\"><input type=\"submit\" value=\"JETZT HERUNTERLADEN\" name=\"subscribe\" id=\"mc-embedded-subscribe\" class=\"button\"><\/div>\n    <\/div>\n<\/form>\n<\/div>\n\n<!--End mc_embed_signup--><\/div>\r\n\t<\/div>\r\n\r\n\r\n\t\t\r\n\r\n<\/div>\r\n<\/div>\n\n\t<\/div>\r\n<\/section>\r\n\r\n<section class=\"sh-section sh-section-e0293677b0c04cc4f08c7945b30ab055 fw-main-row sh-section-visibility-everywhere\" id=\"presentation\">\r\n\t\r\n\t\r\n\t<div class=\"sh-section-container container\">\r\n\t\t<div class=\"fw-row\">\n\t\r\n<div class=\"sh-column sh-column-ee1c1c04c03c34e305fa3016221f7bed fw-col-xs-12 fw-col-sm-8\" >\r\n\r\n\t\r\n\t<div class=\"sh-column-wrapper\">\r\n\t\t\r\n<div class=\"sh-heading  \" id=\"heading-166c5b40b367fbf1e9a78e7735412bc8\">\r\n\t<div class=\"sh-element-margin\">\r\n\r\n\t\t\r\n\t\t\t<h5 class=\"sh-heading-content size-default text-left\">\r\n\t\t\t\tREPR\u00c4SENTATIVE UMFRAGE\t\t\t<\/h5>\r\n\r\n\t\t\r\n\t<\/div>\r\n<\/div>\r\n\r\n<div class=\"sh-heading  \" id=\"heading-525bf517509b47046a758a08f759fef3\">\r\n\t<div class=\"sh-element-margin\">\r\n\r\n\t\t\r\n\t\t\t<h2 class=\"sh-heading-content size-l text-left\">\r\n\t\t\t\tKUNDEN WOLLEN DIGITALE BANCASSURANCE\t\t\t<\/h2>\r\n\r\n\t\t\r\n\t<\/div>\r\n<\/div>\r\n\r\n<div id=\"text-block-e91b2d10f2d6ba53f9d8e766b0823eb4\" class=\"sh-text-block\">\r\n\t<p>Mehr als die H\u00e4lfte der Deutschen sind interessiert an digitalen Bancassurance-Produkten. Ganz besonders hoch ist das Interesse in der wichtigen Zielgruppe der 25- bis 55-J\u00e4hrigen: Zwei von drei Befragten \u00e4u\u00dfern den Wunsch ihre Versicherungen in ihrem Online Banking-Portal einzusehen, zu verwalten und zu optimieren.<\/p><p>Damit best\u00e4tigen sich ebenfalls die Erwartungen von f\u00fchrenden Bankern in Deutschland: Rund 80% erwarten eine Renaissance der Allfinanz dank fortschreitender Digitalisierung der Branche.<\/p><\/div>\r\n\t<\/div>\r\n\r\n\r\n\t\t\r\n\r\n<\/div>\r\n\r\n<div class=\"sh-column sh-column-dbf6d8eaccc14dc4d2af5cc1e4cf8eb9 fw-col-xs-12 fw-col-sm-4\" >\r\n\r\n\t\r\n\t<div class=\"sh-column-wrapper\">\r\n\t\t\r\n<script type=\"text\/javascript\">\r\njQuery(document).ready(function ($) {\r\n\r\n\t$('#testimonials-slider-a56e0d0c583aa41b33abe86140189cae').on('init', function(event, slick, currentSlide, nextSlide){\r\n\t\t$('#testimonials-a56e0d0c583aa41b33abe86140189cae .sh-testimonials-switch').css( 'opacity','1' );\r\n\t});\r\n\r\n\t$('#testimonials-slider-a56e0d0c583aa41b33abe86140189cae').slick({\r\n\t\tdots: false,\r\n\t\tarrows: true,\r\n\t\tinfinite: true,\r\n\t\tspeed: 500,\r\n\t\tslidesToShow: 1,\r\n\t\tfade: true,\r\n\t\tresponsive: [\r\n\t\t\t{\r\n\t\t\t\tbreakpoint: 1000,\r\n\t\t\t\tsettings: {\r\n\t\t\t\t\tslidesToShow: 1\r\n\t\t\t\t}\r\n\t\t\t}\r\n\t\t],\r\n\t\tadaptiveHeight: true,\r\n\t\tautoplay: true,\r\n\t\tautoplaySpeed: 5000,\r\n\t});\r\n\r\n\tfunction testimonials_slider_update_a56e0d0c583aa41b33abe86140189cae() {\r\n\t\t$('#testimonials-slider-a56e0d0c583aa41b33abe86140189cae .slick-slide').css('height', '');\r\n\t\tvar stHeight = $('#testimonials-slider-a56e0d0c583aa41b33abe86140189cae .slick-track').height();\r\n\t\t$('#testimonials-slider-a56e0d0c583aa41b33abe86140189cae .slick-slide').css('height',stHeight + 'px' );\r\n\t}\r\n\r\n\ttestimonials_slider_update_a56e0d0c583aa41b33abe86140189cae();\r\n\t$(window).on( 'load resize', function() {\r\n\t\tsetTimeout(function(){\r\n\t\t\ttestimonials_slider_update_a56e0d0c583aa41b33abe86140189cae();\r\n\t\t}, 50);\r\n\t});\r\n\r\n\t$('#testimonials-a56e0d0c583aa41b33abe86140189cae .sh-testimonials-prev').on( 'click', function() {\r\n\t\t$('#testimonials-slider-a56e0d0c583aa41b33abe86140189cae').slick('slickPrev');\r\n\t});\r\n\r\n\t$('#testimonials-a56e0d0c583aa41b33abe86140189cae .sh-testimonials-next').on( 'click', function() {\r\n\t\t$('#testimonials-slider-a56e0d0c583aa41b33abe86140189cae').slick('slickNext');\r\n\t});\r\n\r\n});\r\n<\/script>\r\n\r\n<div id=\"testimonials-a56e0d0c583aa41b33abe86140189cae\" class=\"sh-testimonials sh-testimonials-quote-on sh-testimonials-style2\">\r\n\t<div class=\"sh-testimonials-group\" id=\"testimonials-slider-a56e0d0c583aa41b33abe86140189cae\">\r\n\t\t\t\t\t\t\t\t\t<div class=\"sh-testimonials-item\">\r\n\r\n\t\t\t\t\t\r\n\t\t\t\t\t\t<div class=\"sh-testimonials-top\">\r\n\t\t\t\t\t\t\t<div class=\"sh-testimonials-image\" style=\"background-image: url(\/\/www.friendsurancebusiness.com\/wp-content\/uploads\/2019\/02\/bankengipfel.png);\"><\/div>\r\n\r\n\t\t\t\t\t\t\t<div class=\"sh-testimonials-top-aside\">\r\n\t\t\t\t\t\t\t\t<div class=\"sh-testimonials-name\">\r\n\t\t\t\t\t\t\t\t\t<h3>Banken Gipfel 2018<\/h3>\r\n\t\t\t\t\t\t\t\t<\/div>\r\n\r\n\t\t\t\t\t\t\t\t<div class=\"sh-testimonials-job\">\r\n\t\t\t\t\t\t\t\t\t79% der Teilnehmer antworten in Live-Umfrage\t\t\t\t\t\t\t\t<\/div>\r\n\t\t\t\t\t\t\t<\/div>\r\n\t\t\t\t\t\t<\/div>\r\n\t\t\t\t\t\t<div class=\"sh-testimonials-quote\">\r\n\t\t\t\t\t\t\tJa, in den digitalen Kan\u00e4len wird der Vertrieb von Versicherern und Banken zunehmend zusammenwachsen.\t\t\t\t\t\t<\/div>\r\n\r\n\t\t\t\t\t\r\n\t\t\t\t<\/div>\r\n\t\t\t\t\t\t\t<div class=\"sh-testimonials-item\">\r\n\r\n\t\t\t\t\t\r\n\t\t\t\t\t\t<div class=\"sh-testimonials-top\">\r\n\t\t\t\t\t\t\t<div class=\"sh-testimonials-image\" style=\"background-image: url(\/\/www.friendsurancebusiness.com\/wp-content\/uploads\/2018\/11\/Friendsurance_Foto_Tim_Kunde_Bildnummer_AK0_1183.jpg);\"><\/div>\r\n\r\n\t\t\t\t\t\t\t<div class=\"sh-testimonials-top-aside\">\r\n\t\t\t\t\t\t\t\t<div class=\"sh-testimonials-name\">\r\n\t\t\t\t\t\t\t\t\t<h3>Tim Kunde<\/h3>\r\n\t\t\t\t\t\t\t\t<\/div>\r\n\r\n\t\t\t\t\t\t\t\t<div class=\"sh-testimonials-job\">\r\n\t\t\t\t\t\t\t\t\tGesch\u00e4ftsf\u00fchrer und Mitgr\u00fcnder von Friendsurance\t\t\t\t\t\t\t\t<\/div>\r\n\t\t\t\t\t\t\t<\/div>\r\n\t\t\t\t\t\t<\/div>\r\n\t\t\t\t\t\t<div class=\"sh-testimonials-quote\">\r\n\t\t\t\t\t\t\tWir wissen, dass digitale Bancassurance-L\u00f6sungen, wie der Deutsche Bank VersicherungsManager, ein reales Kundenbed\u00fcrfnis erf\u00fcllen. \t\t\t\t\t\t<\/div>\r\n\r\n\t\t\t\t\t\r\n\t\t\t\t<\/div>\r\n\t\t\t\t\t\t\t<div class=\"sh-testimonials-item\">\r\n\r\n\t\t\t\t\t\r\n\t\t\t\t\t\t<div class=\"sh-testimonials-top\">\r\n\t\t\t\t\t\t\t<div class=\"sh-testimonials-image\" style=\"background-image: url(\/\/www.friendsurancebusiness.com\/wp-content\/uploads\/2018\/11\/Friendsurance_Foto_Tim_Kunde_Bildnummer_AK0_1183.jpg);\"><\/div>\r\n\r\n\t\t\t\t\t\t\t<div class=\"sh-testimonials-top-aside\">\r\n\t\t\t\t\t\t\t\t<div class=\"sh-testimonials-name\">\r\n\t\t\t\t\t\t\t\t\t<h3>Tim Kunde<\/h3>\r\n\t\t\t\t\t\t\t\t<\/div>\r\n\r\n\t\t\t\t\t\t\t\t<div class=\"sh-testimonials-job\">\r\n\t\t\t\t\t\t\t\t\tGesch\u00e4ftsf\u00fchrer und Mitgr\u00fcnder von Friendsurance\t\t\t\t\t\t\t\t<\/div>\r\n\t\t\t\t\t\t\t<\/div>\r\n\t\t\t\t\t\t<\/div>\r\n\t\t\t\t\t\t<div class=\"sh-testimonials-quote\">\r\n\t\t\t\t\t\t\tWir reden hier \u00fcber einen neuen Markt, der l\u00e4ngst einer Nische entwachsen ist.\t\t\t\t\t\t<\/div>\r\n\r\n\t\t\t\t\t\r\n\t\t\t\t<\/div>\r\n\t\t\t\t\t\t<\/div>\r\n\r\n\t\t\t\t\t\t\t\t\t\t<div class=\"sh-testimonials-switch sh-group\">\r\n\t\t\t\t\t<div class=\"sh-testimonials-prev\">\r\n\t\t\t\t\t\t<i class=\"icon-arrow-left\"><\/i>\r\n\t\t\t\t\t<\/div>\r\n\t\t\t\t\t<div class=\"sh-testimonials-next\">\r\n\t\t\t\t\t\t<i class=\"icon-arrow-right\"><\/i>\r\n\t\t\t\t\t<\/div>\r\n\t\t\t\t<\/div>\r\n\t\t\t\t\t\t<\/div>\r\n\t<\/div>\r\n\r\n\r\n\t\t\r\n\r\n<\/div>\r\n<\/div>\n\n\t<\/div>\r\n<\/section>\r\n\r\n<section class=\"sh-section sh-section-03db26c38dadb98c838aebda4afe7038 fw-main-row sh-section-visibility-everywhere\" id=\"contact\">\r\n\t\r\n\t\r\n\t<div class=\"sh-section-container container\">\r\n\t\t<div class=\"fw-row\">\n\t\r\n<div class=\"sh-column sh-column-d6901f732b8b677fbd18b9760772288a fw-col-xs-12 fw-col-sm-4\" >\r\n\r\n\t\r\n\t<div class=\"sh-column-wrapper\">\r\n\t\t\r\n<div class=\"sh-heading  \" id=\"heading-551bc3af539c0f4097e3678eb9ae4224\">\r\n\t<div class=\"sh-element-margin\">\r\n\r\n\t\t\r\n\t\t\t<h5 class=\"sh-heading-content size-default text-left\">\r\n\t\t\t\tWIE K\u00d6NNEN WIR IHNEN HELFEN?\t\t\t<\/h5>\r\n\r\n\t\t\r\n\t<\/div>\r\n<\/div>\r\n\r\n<div class=\"sh-heading  \" id=\"heading-5f6bd3de758616bb0f4f0d8401a4e86e\">\r\n\t<div class=\"sh-element-margin\">\r\n\r\n\t\t\r\n\t\t\t<h2 class=\"sh-heading-content size-l text-left\">\r\n\t\t\t\tKONTAKTFORMULAR\t\t\t<\/h2>\r\n\r\n\t\t\r\n\t<\/div>\r\n<\/div>\r\n\r\n<div id=\"text-block-e8155886ea5686c83606ce4d8f174b10\" class=\"sh-text-block\">\r\n\t<p>Sie haben Fragen oder m\u00f6chten mehr zu unseren Produkten und Services erfahren? Dann nutzen Sie das Kontaktformular:<\/p><div id=\"__kantu_mark__\"><\/div><div id=\"__kantu_mark__\"><\/div><div id=\"__kantu_mark__\"><\/div><div id=\"__kantu_mark__\"><\/div><div id=\"__kantu_mark__\"><\/div><\/div>\r\n\r\n<div id=\"text-block-7e9e0ece13768c07f14edf498d73f308\" class=\"sh-text-block\">\r\n\t<p>Ihr Ansprechpartner<\/p><p><strong>Sebastian Langrehr, CSO<br \/><\/strong>sebastian.langrehr@friendsurance.de<\/p><\/div>\r\n\r\n<div id=\"single-image-01f0623686dbcf032afa9555c4610ce6\" class=\"sh-single-image   sh-single-image-shadow2\">\r\n\t<div class=\"sh-element-margin\">\r\n\r\n\t\t\r\n\t\t\t<div class=\"sh-single-image-container\">\r\n\t\t\t\t\r\n\t\t\t\t\t\t\t\t\t\r\n\t\t\t\t\t\t\t\t\t\t\t\t\t<img decoding=\"async\" class=\"sh-image-url\" src=\"https:\/\/www.friendsurancebusiness.com\/wp-content\/uploads\/2019\/01\/SebastainL_1x1-e1547737653249.jpg\" alt=\"SebastainL_1x1\" \/>\r\n\t\t\t\t\t\t\t\t\t\t\t\t\t\r\n\t\t\t\t\t\t\t\t\t\r\n\t\t\t\t\t\t\t<\/div>\r\n\r\n\t\t\r\n\t<\/div>\r\n<\/div>\r\n\t<\/div>\r\n\r\n\r\n\t\t\r\n\r\n<\/div>\r\n\r\n<div class=\"sh-column sh-column-b5ed75651ae262244bc74232360f579d fw-col-xs-12 fw-col-sm-8\" >\r\n\r\n\t\r\n\t<div class=\"sh-column-wrapper\">\r\n\t\t\r\n<div id=\"text-block-de7eaea97f5f2b4e3462a6265eb9b6b4\" class=\"sh-text-block\">\r\n\t<p><div role=\"form\" class=\"wpcf7\" id=\"wpcf7-f826-o1\" lang=\"en-US\" dir=\"ltr\">\n<div class=\"screen-reader-response\"><p role=\"status\" aria-live=\"polite\" aria-atomic=\"true\"><\/p> <ul><\/ul><\/div>\n<form action=\"\/de\/wp-json\/wp\/v2\/pages\/1244#wpcf7-f826-o1\" method=\"post\" class=\"wpcf7-form init\" novalidate=\"novalidate\" data-status=\"init\" id=\"contactForm\">\n<div style=\"display: none;\">\n<input type=\"hidden\" name=\"_wpcf7\" value=\"826\" \/>\n<input type=\"hidden\" name=\"_wpcf7_version\" value=\"5.5.6.1\" \/>\n<input type=\"hidden\" name=\"_wpcf7_locale\" value=\"en_US\" \/>\n<input type=\"hidden\" name=\"_wpcf7_unit_tag\" value=\"wpcf7-f826-o1\" \/>\n<input type=\"hidden\" name=\"_wpcf7_container_post\" value=\"0\" \/>\n<input type=\"hidden\" name=\"_wpcf7_posted_data_hash\" value=\"\" \/>\n<\/div>\n<div class=\"sh-cf7-body\"><style>\n.wps-form {\n    width: 100%;\n    margin: 0 auto;\n}\n.wps-form .wps-form-row {\n    display: flex;\n    flex-direction: column;\n    width: 100%;\n}\n.wps-form .wps-form-row .wpcf7-form-control {\n    width: 100%;\n}\n.wps-form .wps-form-column {\n    flex: 1;\n    width: 100%;\n    padding: .5rem 0;\n}\n\/* Notebook \/ Desktop *\/\n@media only screen and (min-width: 48em) { \n    .wps-form .wps-form-row {\n        flex-direction: row;\n    }\n    .wps-form .wps-form-column {\n        padding: .5rem 1rem;\n    }\n}\n<\/style>\n<div class=\"wps-form\">\n<div class=\"wps-form-row\">\n<div class=\"wps-form-column\">\n <label> Name* <span class=\"wpcf7-form-control-wrap name-1\"><input type=\"text\" name=\"name-1\" value=\"\" size=\"40\" class=\"wpcf7-form-control wpcf7-text wpcf7-validates-as-required\" aria-required=\"true\" aria-invalid=\"false\" \/><\/span> <\/label>\n <\/div>\n<div class=\"wps-form-column\">\n <label> Firma <span class=\"wpcf7-form-control-wrap company\"><input type=\"text\" name=\"company\" value=\"\" size=\"40\" class=\"wpcf7-form-control wpcf7-text\" aria-invalid=\"false\" \/><\/span> <\/label>\n <\/div>\n<\/div>\n<div class=\"wps-form-row\">\n<div class=\"wps-form-column\">\n  <label> Email* <span class=\"wpcf7-form-control-wrap email\"><input type=\"email\" name=\"email\" value=\"\" size=\"40\" class=\"wpcf7-form-control wpcf7-text wpcf7-email wpcf7-validates-as-required wpcf7-validates-as-email\" aria-required=\"true\" aria-invalid=\"false\" \/><\/span> <\/label>\n <\/div>\n<div class=\"wps-form-column\">\n  <label> Telefon <span class=\"wpcf7-form-control-wrap telefon\"><input type=\"text\" name=\"telefon\" value=\"\" size=\"40\" class=\"wpcf7-form-control wpcf7-text\" aria-invalid=\"false\" \/><\/span> <\/label>\n <\/div>\n<\/div>\n<div class=\"wps-form-row\">\n <label> Ihre Nachricht <span class=\"wpcf7-form-control-wrap message\"><textarea name=\"message\" cols=\"40\" rows=\"10\" class=\"wpcf7-form-control wpcf7-textarea\" aria-invalid=\"false\"><\/textarea><\/span> <\/label>\n <\/div>\n<div class=\"wps-form-row\">\n<div class=\"wps-form-column\">\n <span class=\"wpcf7-form-control-wrap acceptance-579\"><span class=\"wpcf7-form-control wpcf7-acceptance\"><span class=\"wpcf7-list-item\"><label><input type=\"checkbox\" name=\"acceptance-579\" value=\"1\" aria-invalid=\"false\" \/><span class=\"wpcf7-list-item-label\">Sie erkl\u00e4ren sich damit einverstanden, dass Ihre Daten zur Bearbeitung \n Ihres Anliegens verwendet werden. Weitere Informationen finden Sie in unserer Datenschutzerkl\u00e4rung.<\/span><\/label><\/span><\/span><\/span>\n <\/div>\n<div class=\"wps-form-column\">\n <input type=\"submit\" value=\"senden\" class=\"wpcf7-form-control has-spinner wpcf7-submit\" \/>\n <\/div>\n<\/div>\n<\/div>\n<\/div><div class=\"wpcf7-response-output\" aria-hidden=\"true\"><\/div><\/form><\/div><\/p><\/div>\r\n\t<\/div>\r\n\r\n\r\n\t\t\r\n\r\n<\/div>\r\n<\/div>\n\n\t<\/div>\r\n<\/section>\r\n<\/p>\n","protected":false},"excerpt":{"rendered":"<p>YOUGOV PANEL DEUTSCHLAND ONLINE-BANKING UND DIGITALE VERSICHERUNGS-VERWALTUNG Zentrale FragestellungW\u00e4ren Sie daran interessiert, Ihre Versicherungen in Ihrem Online Banking-Portal kostenlos einsehen,&#8230;<\/p>\n","protected":false},"author":4,"featured_media":0,"parent":0,"menu_order":0,"comment_status":"closed","ping_status":"closed","template":"","meta":{"footnotes":""},"class_list":["post-1244","page","type-page","status-publish","hentry"],"_links":{"self":[{"href":"https:\/\/www.friendsurancebusiness.com\/de\/wp-json\/wp\/v2\/pages\/1244","targetHints":{"allow":["GET"]}}],"collection":[{"href":"https:\/\/www.friendsurancebusiness.com\/de\/wp-json\/wp\/v2\/pages"}],"about":[{"href":"https:\/\/www.friendsurancebusiness.com\/de\/wp-json\/wp\/v2\/types\/page"}],"author":[{"embeddable":true,"href":"https:\/\/www.friendsurancebusiness.com\/de\/wp-json\/wp\/v2\/users\/4"}],"replies":[{"embeddable":true,"href":"https:\/\/www.friendsurancebusiness.com\/de\/wp-json\/wp\/v2\/comments?post=1244"}],"version-history":[{"count":0,"href":"https:\/\/www.friendsurancebusiness.com\/de\/wp-json\/wp\/v2\/pages\/1244\/revisions"}],"wp:attachment":[{"href":"https:\/\/www.friendsurancebusiness.com\/de\/wp-json\/wp\/v2\/media?parent=1244"}],"curies":[{"name":"wp","href":"https:\/\/api.w.org\/{rel}","templated":true}]}}