{"id":1027,"date":"2018-12-19T10:31:18","date_gmt":"2018-12-19T09:31:18","guid":{"rendered":"http:\/\/www.friendsurancebusiness.com\/?page_id=1027"},"modified":"2022-01-14T14:34:34","modified_gmt":"2022-01-14T13:34:34","slug":"datenschutz","status":"publish","type":"page","link":"https:\/\/www.friendsurancebusiness.com\/de\/datenschutz\/","title":{"rendered":"Datenschutz"},"content":{"rendered":"\r\n<section class=\"sh-section sh-section-f8c80a452d4076fee97a58b3ca5d035a fw-main-row sh-section-visibility-everywhere\" id=\"home\">\r\n\t\r\n\t\r\n\t<div class=\"sh-section-container container\">\r\n\t\t<div class=\"fw-row\">\n\t\r\n<div class=\"sh-column sh-column-b994ff214df7202c03e83eaa3ed636fc fw-col-xs-12 fw-col-sm-4\" >\r\n\r\n\t\r\n\t<div class=\"sh-column-wrapper\">\r\n\t\t\r\n<div class=\"sh-heading  \" id=\"heading-eb30d3981ca8d93d7c6575512868cbe0\">\r\n\t<div class=\"sh-element-margin\">\r\n\r\n\t\t\r\n\t\t\t<h5 class=\"sh-heading-content size-default text-left\">\r\n\t\t\t\tWIR RESPEKTIEREN IHRE PRIVATSPH\u00c4RE\t\t\t<\/h5>\r\n\r\n\t\t\r\n\t<\/div>\r\n<\/div>\r\n\r\n<div class=\"sh-heading  \" id=\"heading-52c3dcb68807240188d261d85f674e22\">\r\n\t<div class=\"sh-element-margin\">\r\n\r\n\t\t\r\n\t\t\t<h1 class=\"sh-heading-content size-xl text-left\">\r\n\t\t\t\tDATENSCHUTZ\t\t\t<\/h1>\r\n\r\n\t\t\r\n\t<\/div>\r\n<\/div>\r\n\r\n<div id=\"text-block-219ae828898fdf9caa89b2f16ca1b1a3\" class=\"sh-text-block\">\r\n\t<p>Stand: 01.07.2020<\/p><p><span style=\"font-weight: 400;\">Die Alecto GmbH (Friendsurance), Mehringdamm 34, 10961 Berlin (\u201e<\/span><b>Alecto GmbH (Friendsurance)<\/b><span style=\"font-weight: 400;\">\u201c, \u201e<\/span><b>wir<\/b><span style=\"font-weight: 400;\">\u201c, \u201e<\/span><b>uns<\/b><span style=\"font-weight: 400;\">\u201c) ist Betreiberin der unter der Webseite <\/span><a href=\"http:\/\/www.friendsurancebusiness.com\"><span style=\"font-weight: 400;\">www.friendsurancebusiness.com<\/span><\/a><span style=\"font-weight: 400;\">\u00a0erreichbaren Plattform (die \u201e<\/span><b>Webseite<\/b><span style=\"font-weight: 400;\">\u201c)<\/span><span style=\"font-weight: 400;\">.<\/span><\/p><p><span style=\"font-weight: 400;\"> Der Alecto GmbH (Friendsurance) ist der Schutz Ihrer personenbezogenen Daten sehr wichtig. Die nachfolgenden Datenschutzhinweise geben Ihnen einen \u00dcberblick dar\u00fcber, an welchen Stellen und zu welchen Zwecken die Alecto GmbH (Friendsurance) w\u00e4hrend Ihres Besuchs auf der Webseite <\/span><a href=\"http:\/\/www.friendsurancebusiness.com\"><span style=\"font-weight: 400;\">www.friendsurancebusiness.com<\/span><\/a><span style=\"font-weight: 400;\"> und w\u00e4hrend der Nutzung unserer Dienste Daten von Ihnen erhebt.<\/span><\/p><p><span style=\"font-weight: 400;\">Lesen Sie sich bitte diese Datenschutzhinweise sorgf\u00e4ltig durch, bevor Sie unsere Webseite besuchen oder unsere Dienste nutzen.<\/span><\/p><\/div>\r\n\t<\/div>\r\n\r\n\r\n\t\t\r\n\r\n<\/div>\r\n\r\n<div class=\"sh-column sh-column-2d15c3995cad47e342e239312dbbf62f fw-col-xs-12 fw-col-sm-8\" >\r\n\r\n\t\r\n\t<div class=\"sh-column-wrapper\">\r\n\t\t\r\n<div class=\"sh-empty-space\" id=\"empty-space-67806930239537bcb9d9545685c44b39\"><\/div>\r\n\r\n<div id=\"text-block-9123fb88cf3ab44410043209d61ec1ce\" class=\"sh-text-block\">\r\n\t<h1><b>Verantwortliche Stelle und Datenschutzbeauftragter<\/b><\/h1><p>&nbsp;<\/p><p><span style=\"font-weight: 400;\">Anbieterin der im Sinne des Telemediengesetzes (TMG) und verantwortliche Stelle im Sinne der EU-Datenschutz-Grundverordnung (DSGVO) und des Bundesdatenschutzgesetzes (BDSG) ist die Alecto GmbH (Friendsurance), Mehringdamm 34, 10961 Berlin. Wenn Sie Fragen zu diesen Datenschutzhinweisen oder zur Verarbeitung Ihrer personenbezogenen Daten durch uns haben oder wenn Sie Ihre datenschutzrechtlichen Rechte nach der DSGVO aus\u00fcben m\u00f6chten, k\u00f6nnen Sie sich jederzeit an uns wenden. Postalisch an Alecto GmbH (Friendsurance), Mehringdamm 34, 10961 Berlin, oder per E-Mail an den zust\u00e4ndigen Datenschutzbeauftragten<\/span><a href=\"mailto:datenschutz@friendsurance.de\"><span style=\"font-weight: 400;\">\u00a0 datenschutz@friendsurance.de<\/span><\/a><span style=\"font-weight: 400;\">.<\/span><\/p><p>&nbsp;<\/p><h1><\/h1><h1><b>Welche Rechte habe ich bzgl. Auskunft, Berichtigung\/L\u00f6schung, Widerruf?<\/b><\/h1><p>&nbsp;<\/p><p><span style=\"font-weight: 400;\">Ihre gesetzlichen Rechte auf Auskunft, Berichtigung, L\u00f6schung, Einschr\u00e4nkung der Verarbeitung und Daten\u00fcbertragbarkeit k\u00f6nnen Sie bei unserem in Ziffer 1. genannten Datenschutzbeauftragten geltend machen. Sofern die Datenverarbeitung auf einer allgemeinen Interessenabw\u00e4gung beruht, steht Ihnen ein Widerrufsrecht gegen diese Datenverarbeitung zu, wenn sich aus Ihrer pers\u00f6nlichen Situation Gr\u00fcnde gegen eine Datenverarbeitung ergeben.<\/span><\/p><p>&nbsp;<\/p><p><span style=\"font-weight: 400;\">Sie k\u00f6nnen etwaig erteilte Einwilligungen in die Erhebung, Verarbeitung und Speicherung Ihrer personenbezogenen Daten jederzeit ganz oder teilweise mit Wirkung f\u00fcr die Zukunft widerrufen. Im Zusammenhang mit den von der Webseite eingesetzten Tracking Methoden-Methoden bieten wir Ihnen nachfolgend jeweils verschiedene <a href=\"#uc-corner-modal-show\">Widerspruchsm\u00f6glichkeiten <\/a><\/span><span style=\"font-weight: 400;\">an.<\/span><\/p><p><span style=\"font-weight: 400;\">Bitte beachten Sie, dass Ihnen im Falle eines Widerrufs der Einwilligung bestimmte Funktionalit\u00e4ten der Webseite nicht mehr oder allenfalls nur noch eingeschr\u00e4nkt zur Verf\u00fcgung gestellt werden k\u00f6nnen.\u00a0<\/span><\/p><p>&nbsp;<\/p><p><span style=\"font-weight: 400;\">Bitte beachten Sie, dass wenn in diesem Zusammenhang auf Ihrem Endger\u00e4t ein sogenannter \u201eOpt-Out Cookie\u201c \u00fcber ein Consent-Tool zur Umsetzung Ihres Widerspruches gesetzt wird, Sie den Widerspruch erneut erkl\u00e4ren m\u00fcssen, wenn Sie diese Cookies l\u00f6schen.<\/span><\/p><p>&nbsp;<\/p><p>&nbsp;<\/p><p>&nbsp;<\/p><p><span style=\"font-weight: 400;\">Daneben haben Sie die M\u00f6glichkeit, sich an eine Datenschutzaufsichtsbeh\u00f6rde zu wenden. Die f\u00fcr uns zust\u00e4ndige Beh\u00f6rde ist:<\/span><span style=\"font-weight: 400;\"><br \/><\/span><span style=\"font-weight: 400;\"><br \/><\/span><span style=\"font-weight: 400;\">Berliner Beauftragte f\u00fcr Datenschutz und Informationsfreiheit<\/span><\/p><p><span style=\"font-weight: 400;\">Friedrichstra\u00dfe 219<\/span><\/p><p><span style=\"font-weight: 400;\">10969 Berlin<\/span><\/p><p><span style=\"font-weight: 400;\">Tel.: 030 13889-0<\/span><\/p><p><span style=\"font-weight: 400;\">E-Mail: mailbox@datenschutz-berlin.de<\/span><\/p><h1><\/h1><h1><\/h1><h1><b>Wie lange werden meine Daten gespeichert?<\/b><\/h1><p>&nbsp;<\/p><p><span style=\"font-weight: 400;\">Wir speichern Ihre personenbezogenen Daten nur so lange, wie es f\u00fcr die Erreichung der Zwecke, f\u00fcr die sie erhoben wurden, erforderlich ist oder \u2013 soweit dar\u00fcberhinausgehende gesetzliche Aufbewahrungspflichten bestehen \u2013 f\u00fcr die Dauer der gesetzlich vorgegebenen Aufbewahrung. Danach werden Ihre pers\u00f6nlichen Daten gel\u00f6scht.<\/span><\/p><p>&nbsp;<\/p><p><span style=\"font-weight: 400;\">Insbesondere:<\/span><\/p><p>&nbsp;<\/p><ul><li style=\"font-weight: 400;\"><span style=\"font-weight: 400;\">Wenn Sie eine Einwilligung widerrufen, auf der die Verarbeitung Ihrer personenbezogenen Daten basiert, werden wir Ihre personenbezogenen Daten unverz\u00fcglich l\u00f6schen, soweit die Erhebung und die Verarbeitung Ihrer personenbezogenen Daten auf der widerrufenen Einwilligung beruhte. <\/span><\/li><li style=\"font-weight: 400;\"><span style=\"font-weight: 400;\">Wenn Sie von Ihrem Recht Gebrauch machen, der Verarbeitung Ihrer personenbezogenen Daten zu widersprechen, werden wir Ihre personenbezogenen Daten unverz\u00fcglich l\u00f6schen, sofern keine andere rechtliche Grundlage f\u00fcr die Verarbeitung und Speicherung dieser Daten besteht.<\/span><\/li><\/ul><h1><\/h1><h1><\/h1><h1><b>Daten\u00fcbermittlung an Dritte\/Beauftragung von Dienstleistern<\/b><\/h1><p>&nbsp;<\/p><p><span style=\"font-weight: 400;\">Die Alecto GmbH (Friendsurance) nutzt Dienstleister mit erprobten, kundenfreundlichen und sicheren Prozessen zur Erbringung der Funktionalit\u00e4ten des Angebots auf <\/span><a href=\"http:\/\/www.friendsurancebusiness.com\"><span style=\"font-weight: 400;\">www.friendsurancebusiness.com<\/span><\/a><span style=\"font-weight: 400;\">, um Ihnen eine optimale Kundenerfahrung zu erm\u00f6glichen und die L\u00f6sung f\u00fcr Sie kontinuierlich zu verbessern.<\/span><\/p><p>&nbsp;<\/p><p><span style=\"font-weight: 400;\">Die Alecto GmbH (Friendsurance) setzt technische und organisatorische Sicherheitsma\u00dfnahmen ein, um zu gew\u00e4hrleisten, dass Ihre personenbezogenen Daten vor Verlust, unrichtigen Ver\u00e4nderungen oder unberechtigten Zugriffen Dritter gesch\u00fctzt sind. Strenge Anonymisierungs- und Verschl\u00fcsselungsprozesse verhindern den Zugriff gegen\u00fcber Dritten.<\/span><\/p><p>&nbsp;<\/p><p><span style=\"font-weight: 400;\">Die Daten\u00fcbertragung zwischen den beteiligten Unternehmen erfolgt jeweils \u00fcber eine gesicherte Verbindung\/Schnittstelle (HTTPS-Verfahren). Die Authentifizierung erfolgt \u00fcber ein private\/public Schl\u00fcsselverfahren. Der Zugriff von Web-Anwendungen zu Backend, auf dem die o.g. Daten gespeichert sind, sowie f\u00fcr die Authentifizierung zwischen Web-Anwendung und Nutzer wird als Verschl\u00fcsselung das HTTPS-Protokoll verwendet.<\/span><\/p><h2><\/h2><h2><\/h2><h2><b>Nutzung von Cookies und Tracking Technologien<\/b><\/h2><p>&nbsp;<\/p><p><span style=\"font-weight: 400;\">Die Webseite verwendet an mehreren Stellen sogenannte Cookies. Cookies sind kleine Textdateien, die auf Ihrem Endger\u00e4t abgelegt werden und die Ihr Browser speichert. Sie dienen dazu, unser Angebot nutzerfreundlicher, effektiver und sicherer zu machen und helfen uns, Ihnen bei der Nutzung bestimmter Aspekte der Webseite behilflich zu sein (sog. Sicherheits- und Sessioncookies). Dar\u00fcber hinaus k\u00f6nnen Cookies auch verwendet werden, um Daten dar\u00fcber zu sammeln, welche Bereiche der Webseite unsere Besucher nutzen, f\u00fcr welche Dienste sich unsere Besucher interessieren oder wann und wie unsere Besucher durch unsere Webseite navigieren.<\/span><\/p><p>&nbsp;<\/p><p><span style=\"font-weight: 400;\">Die meisten Browser sind so eingestellt, dass sie Cookies automatisch akzeptieren. Sie k\u00f6nnen die Verwendung von Cookies jedoch jederzeit unterbinden oder Ihren Browser so einstellen, dass Cookies abgelehnt werden. Cookies richten auf Ihrem Rechner keinen Schaden an und enthalten keine Viren.<\/span><\/p><p>&nbsp;<\/p><p><span style=\"font-weight: 400;\">Die von der Alecto GmbH (Friendsurance) verwendeten Sicherheits- und Sessioncookies sind erforderlich, um Ihnen die angeforderten Dienste zur Verf\u00fcgung stellen zu k\u00f6nnen. SO verwenden wir beispielweise Cookies, um Ihnen das Navigieren um die Nutzung der Webseite im eingeloggten Zustand zu erm\u00f6glichen. Die Rechtsgrundlage f\u00fcr die Verwendung von Sicherheits- und Sessioncookies ist die Zurverf\u00fcgungstellung der von Ihnen angeforderten Dienste gem\u00e4\u00df Art. 6 Abs. 1 lit. b DSGVO.<\/span><\/p><h2><\/h2><h2><\/h2><h2><b>Implementierte Technologien<\/b><\/h2><p>&nbsp;<\/p><p><span style=\"font-weight: 400;\">Im Zusammenhang mit den bei uns eingesetzten Tracking-Methoden bieten wir Ihnen nachfolgend jeweils verschieden Widerspruchsm\u00f6glichkeiten <\/span><span style=\"font-weight: 400;\">an. Bitte beachten Sie, dass wenn in diesem Zusammenhang auf Ihrem Endger\u00e4t ein sogenannter \u201eOpt-Out Cookie\u201c \u00fcber unser Consent-Tool zur Umsetzung Ihres Widerspruchs gesetzt wird, Sie den Widerspruch erneut erkl\u00e4ren m\u00fcssen, wenn Sie diese Cookies l\u00f6schen.<\/span><\/p><\/div>\r\n<div class=\"sh-output-html\">\r\n\t<div class=\"uc-embed\" uc-data=\"all\" uc-embedding-type=\"category\" uc-show-toggle=\"true\" uc-styling=\"true\" ><\/div><\/div>\r\n\t<\/div>\r\n\r\n\r\n\t\t\r\n\r\n<\/div>\r\n<\/div>\n\n\t<\/div>\r\n<\/section>\r\n\n","protected":false},"excerpt":{"rendered":"<p>WIR RESPEKTIEREN IHRE PRIVATSPH\u00c4RE DATENSCHUTZ Stand: 01.07.2020Die Alecto GmbH (Friendsurance), Mehringdamm 34, 10961 Berlin (\u201eAlecto GmbH (Friendsurance)\u201c, \u201ewir\u201c, \u201euns\u201c) ist&#8230;<\/p>\n","protected":false},"author":4,"featured_media":0,"parent":0,"menu_order":0,"comment_status":"closed","ping_status":"closed","template":"","meta":{"footnotes":""},"class_list":["post-1027","page","type-page","status-publish","hentry"],"_links":{"self":[{"href":"https:\/\/www.friendsurancebusiness.com\/de\/wp-json\/wp\/v2\/pages\/1027","targetHints":{"allow":["GET"]}}],"collection":[{"href":"https:\/\/www.friendsurancebusiness.com\/de\/wp-json\/wp\/v2\/pages"}],"about":[{"href":"https:\/\/www.friendsurancebusiness.com\/de\/wp-json\/wp\/v2\/types\/page"}],"author":[{"embeddable":true,"href":"https:\/\/www.friendsurancebusiness.com\/de\/wp-json\/wp\/v2\/users\/4"}],"replies":[{"embeddable":true,"href":"https:\/\/www.friendsurancebusiness.com\/de\/wp-json\/wp\/v2\/comments?post=1027"}],"version-history":[{"count":0,"href":"https:\/\/www.friendsurancebusiness.com\/de\/wp-json\/wp\/v2\/pages\/1027\/revisions"}],"wp:attachment":[{"href":"https:\/\/www.friendsurancebusiness.com\/de\/wp-json\/wp\/v2\/media?parent=1027"}],"curies":[{"name":"wp","href":"https:\/\/api.w.org\/{rel}","templated":true}]}}